{"id":5827,"date":"2018-05-15T09:27:59","date_gmt":"2018-05-15T09:27:59","guid":{"rendered":"https:\/\/escolainglesa.com\/?page_id=5827"},"modified":"2022-12-21T11:17:44","modified_gmt":"2022-12-21T11:17:44","slug":"about-us-3-2","status":"publish","type":"page","link":"https:\/\/escolainglesa.com\/index.php\/about-us-3-2\/","title":{"rendered":"Apresenta\u00e7\u00e3o"},"content":{"rendered":"<p>[vc_row row_content_width=&#8221;grid&#8221; css=&#8221;.vc_custom_1524221832386{padding-top: 100px !important;padding-bottom: 93px !important;}&#8221; simple_background_color=&#8221;#ffffff&#8221;][vc_column]<div class=\"eltdf-section-title-holder  eltdf-st-has-watermark\" style=\"padding: 0 19%;text-align: center\">\n\t<div class=\"eltdf-st-inner\">\n\t\t\t\t\t<span class=\"eltdf-st-watermark\" >\n\t\t\t\taprender\t\t\t<\/span>\n\t\t\t\t\t\t\t<span class=\"eltdf-st-tagline\" >\n\t\t\t\tSucesso Garantido\t\t\t<\/span>\n\t\t\t\t\t\t\t<h2 class=\"eltdf-st-title\" >\n\t\t\t\tApresenta\u00e7\u00e3o\t\t\t<\/h2>\n\t\t\t\t\t\t\t<span class=\"eltdf-st-text\" >\n\t\t\t\tA Escola Inglesa, Escola de L\u00ednguas, Lda., \u00e9 uma escola de l\u00ednguas fundada em 1990 com Autoriza\u00e7\u00e3o Definitiva N\u00ba 5\/92 do Minist\u00e9rio da Educa\u00e7\u00e3o e Certificada pela DGERT \u2013 Direc\u00e7\u00e3o Geral do Emprego e das Rela\u00e7\u00f5es de Trabalho \u2013 especializada no ensino da l\u00edngua Inglesa, Alem\u00e3, Francesa, Espanhola e Portuguesa enquanto l\u00edngua estrangeira.\t\t\t<\/span>\n\t\t\t<\/div>\n<\/div><div class=\"eltdf-section-title-holder  \" style=\"padding: 0 19%;text-align: center\">\n\t<div class=\"eltdf-st-inner\">\n\t\t\t\t\t\t\t\t\t\t\t<span class=\"eltdf-st-text\" >\n\t\t\t\t- Os nossos Professores s\u00e3o qualificados e da nacionalidade.\t\t\t<\/span>\n\t\t\t<\/div>\n<\/div><div class=\"eltdf-section-title-holder  \" style=\"padding: 0 19%;text-align: center\">\n\t<div class=\"eltdf-st-inner\">\n\t\t\t\t\t\t\t\t\t\t\t<span class=\"eltdf-st-text\" >\n\t\t\t\t- O nosso m\u00e9todo de ensino privilegia a rela\u00e7\u00e3o personalizada com os alunos, o que se traduz numa aprendizagem mais r\u00e1pida e eficaz. \t\t\t<\/span>\n\t\t\t<\/div>\n<\/div><div class=\"eltdf-section-title-holder  \" style=\"padding: 0 19%;text-align: center\">\n\t<div class=\"eltdf-st-inner\">\n\t\t\t\t\t\t\t\t\t\t\t<span class=\"eltdf-st-text\" >\n\t\t\t\t- As aulas s\u00e3o individuais ou em pequenas turmas.\t\t\t<\/span>\n\t\t\t<\/div>\n<\/div><div class=\"eltdf-section-title-holder  \" style=\"padding: 0 19%;text-align: center\">\n\t<div class=\"eltdf-st-inner\">\n\t\t\t\t\t\t\t\t\t\t\t<span class=\"eltdf-st-text\" >\n\t\t\t\t- Os cursos s\u00e3o dirigidos a crian\u00e7as, a jovens e a adultos.\t\t\t<\/span>\n\t\t\t<\/div>\n<\/div><div class=\"eltdf-section-title-holder  \" style=\"padding: 0 19%;text-align: center\">\n\t<div class=\"eltdf-st-inner\">\n\t\t\t\t\t\t\t\t\t\t\t<span class=\"eltdf-st-text\" >\n\t\t\t\t- Todos os cursos da Escola Inglesa est\u00e3o de acordo com Quadro Europeu Comum de Refer\u00eancia para as L\u00ednguas. \t\t\t<\/span>\n\t\t\t<\/div>\n<\/div><div class=\"eltdf-section-title-holder  \" style=\"padding: 0 19%;text-align: center\">\n\t<div class=\"eltdf-st-inner\">\n\t\t\t\t\t\t\t\t\t\t\t<span class=\"eltdf-st-text\" >\n\t\t\t\t- Dire\u00e7\u00e3o Pedag\u00f3gica qualificada e atenta na resposta a todas as necessidades.\t\t\t<\/span>\n\t\t\t<\/div>\n<\/div>[vc_empty_space height=&#8221;103px&#8221;]<div class=\"eltdf-process-holder  eltdf-four-columns eltdf-responsive-768\">\n\t<div class=\"eltdf-process-background\" ><\/div>\n\t<div class=\"eltdf-process-inner\">\n\t\t<div class=\"eltdf-process-item \">\n\t<div class=\"eltdf-pi-image\">\n\t\t\t\t\t<a itemprop=\"url\" href=\"https:\/\/escolainglesa.com\/new\/index.php\/instalacoes\/\">\n\t\t\t\t<img width=\"278\" height=\"279\" src=\"https:\/\/escolainglesa.com\/wp-content\/uploads\/2018\/04\/escolainglesa-1.png\" class=\"attachment-full size-full\" alt=\"\" decoding=\"async\" loading=\"lazy\" srcset=\"https:\/\/escolainglesa.com\/wp-content\/uploads\/2018\/04\/escolainglesa-1.png 278w, https:\/\/escolainglesa.com\/wp-content\/uploads\/2018\/04\/escolainglesa-1-150x150.png 150w, https:\/\/escolainglesa.com\/wp-content\/uploads\/2018\/04\/escolainglesa-1-100x100.png 100w\" sizes=\"(max-width: 278px) 100vw, 278px\" \/>\t\t\t\t\t<\/a>\n\t\t\t<\/div>\n\t\t\t<h4 class=\"eltdf-pi-title\" >Instala\u00e7\u00f5es<\/h4>\n\t\t<\/div><div class=\"eltdf-process-item \">\n\t<div class=\"eltdf-pi-image\">\n\t\t\t\t<img width=\"236\" height=\"236\" src=\"https:\/\/escolainglesa.com\/wp-content\/uploads\/2018\/04\/h1-process-3.png\" class=\"attachment-full size-full\" alt=\"\" decoding=\"async\" loading=\"lazy\" srcset=\"https:\/\/escolainglesa.com\/wp-content\/uploads\/2018\/04\/h1-process-3.png 236w, https:\/\/escolainglesa.com\/wp-content\/uploads\/2018\/04\/h1-process-3-150x150.png 150w, https:\/\/escolainglesa.com\/wp-content\/uploads\/2018\/04\/h1-process-3-100x100.png 100w\" sizes=\"(max-width: 236px) 100vw, 236px\" \/>\t\t\t<\/div>\n\t\t\t<h4 class=\"eltdf-pi-title\" >Cursos para Crian\u00e7as<\/h4>\n\t\t<\/div><div class=\"eltdf-process-item \">\n\t<div class=\"eltdf-pi-image\">\n\t\t\t\t<img width=\"228\" height=\"228\" src=\"https:\/\/escolainglesa.com\/wp-content\/uploads\/2018\/04\/h1-process-4.png\" class=\"attachment-full size-full\" alt=\"\" decoding=\"async\" loading=\"lazy\" srcset=\"https:\/\/escolainglesa.com\/wp-content\/uploads\/2018\/04\/h1-process-4.png 228w, https:\/\/escolainglesa.com\/wp-content\/uploads\/2018\/04\/h1-process-4-150x150.png 150w, https:\/\/escolainglesa.com\/wp-content\/uploads\/2018\/04\/h1-process-4-100x100.png 100w\" sizes=\"(max-width: 228px) 100vw, 228px\" \/>\t\t\t<\/div>\n\t\t\t<h4 class=\"eltdf-pi-title\" >Cursos para Adultos<\/h4>\n\t\t<\/div><div class=\"eltdf-process-item \">\n\t<div class=\"eltdf-pi-image\">\n\t\t\t\t\t<a itemprop=\"url\" href=\"https:\/\/escolainglesa.com\/new\/index.php\/course\/programas-no-estrangeiro-outbound\/\">\n\t\t\t\t<img width=\"228\" height=\"228\" src=\"https:\/\/escolainglesa.com\/wp-content\/uploads\/2018\/04\/h1-process-1.png\" class=\"attachment-full size-full\" alt=\"\" decoding=\"async\" loading=\"lazy\" srcset=\"https:\/\/escolainglesa.com\/wp-content\/uploads\/2018\/04\/h1-process-1.png 228w, https:\/\/escolainglesa.com\/wp-content\/uploads\/2018\/04\/h1-process-1-150x150.png 150w, https:\/\/escolainglesa.com\/wp-content\/uploads\/2018\/04\/h1-process-1-100x100.png 100w\" sizes=\"(max-width: 228px) 100vw, 228px\" \/>\t\t\t\t\t<\/a>\n\t\t\t<\/div>\n\t\t\t<h4 class=\"eltdf-pi-title\" >Cursos no Estrangeiro<\/h4>\n\t\t<\/div>\t<\/div>\n<\/div>[\/vc_column][\/vc_row][vc_row disable_element=&#8221;yes&#8221; row_content_width=&#8221;grid&#8221; parallax_background_image=&#8221;694&#8243; css=&#8221;.vc_custom_1524849707052{padding-top: 130px !important;padding-bottom: 130px !important;}&#8221; simple_background_color=&#8221;#d1d1d1&#8243;][vc_column css=&#8221;.vc_custom_1507212856189{padding-top: 0px !important;}&#8221; offset=&#8221;vc_col-lg-6 vc_col-md-12&#8243;][vc_images_carousel images=&#8221;5386,5387,5393,5394,5395,5396&#8243; img_size=&#8221;600&#215;900&#8243; autoplay=&#8221;yes&#8221;][\/vc_column][vc_column offset=&#8221;vc_col-lg-6 vc_col-md-12&#8243;]<div class=\"eltdf-elements-holder   eltdf-one-column  eltdf-responsive-mode-680 eltdf-one-column-alignment-center\" ><div class=\"eltdf-eh-item    \"  data-item-class=\"eltdf-eh-custom-6071\" data-1280-1600=\"42px 27px 0px 30px \" data-1024-1280=\"10px 27px 0px 30px\" data-768-1024=\"35px 0px 0px 0px\" data-680-768=\"35px 0px 0px 0px\" data-680=\"35px 0px 0px 0px\">\n\t<div class=\"eltdf-eh-item-inner\">\n\t\t<div class=\"eltdf-eh-item-content eltdf-eh-custom-6071\" style=\"padding: 41px 27px 0px 40px\">\n\t\t\t<div class=\"eltdf-section-title-holder  \" style=\"text-align: left\">\n\t<div class=\"eltdf-st-inner\">\n\t\t\t\t\t\t\t\t\t<h3 class=\"eltdf-st-title\" style=\"color: #ffffff\">\n\t\t\t\tMiss\u00e3o\t\t\t<\/h3>\n\t\t\t\t\t\t\t<span class=\"eltdf-st-text\" style=\"color: #ffffff;margin-top: 25px\">\n\t\t\t\tOferecer solu\u00e7\u00f5es inovadoras de qualidade na \u00e1rea do ensino e forma\u00e7\u00e3o em l\u00ednguas, assegurando servi\u00e7os que proporcionem uma elevada satisfa\u00e7\u00e3o e valor acrescentado aos seus formandos, promovendo o conhecimento e prosperidade dos seus clientes e da regi\u00e3o onde est\u00e1 sedeada.\t\t\t<\/span>\n\t\t\t<\/div>\n<\/div>[vc_empty_space height=&#8221;37px&#8221;]\t\t<\/div>\n\t<\/div>\n<\/div><\/div>[\/vc_column][\/vc_row][vc_row row_content_width=&#8221;grid&#8221; css=&#8221;.vc_custom_1525082308258{padding-top: 82px !important;padding-bottom: 70px !important;}&#8221; simple_background_color=&#8221;#ffffff&#8221;][vc_column]<div class=\"eltdf-section-title-holder  eltdf-st-has-watermark\" style=\"padding: 0 19%;text-align: center\">\n\t<div class=\"eltdf-st-inner\">\n\t\t\t\t\t<span class=\"eltdf-st-watermark\" >\n\t\t\t\tmiss\u00e3o\t\t\t<\/span>\n\t\t\t\t\t\t\t<span class=\"eltdf-st-tagline\" >\n\t\t\t\tMiss\u00e3o\t\t\t<\/span>\n\t\t\t\t\t\t\t<h2 class=\"eltdf-st-title\" >\n\t\t\t\tMiss\u00e3o\t\t\t<\/h2>\n\t\t\t\t\t\t\t<span class=\"eltdf-st-text\" >\n\t\t\t\tOferecer solu\u00e7\u00f5es inovadoras de qualidade na \u00e1rea do ensino e forma\u00e7\u00e3o em l\u00ednguas, assegurando servi\u00e7os que proporcionem uma elevada satisfa\u00e7\u00e3o e valor acrescentado aos seus formandos, promovendo o conhecimento e prosperidade dos seus clientes e da regi\u00e3o onde est\u00e1 sedeada.\t\t\t<\/span>\n\t\t\t<\/div>\n<\/div>[\/vc_column][\/vc_row][vc_row row_content_width=&#8221;grid&#8221; css=&#8221;.vc_custom_1525082318079{padding-top: 82px !important;padding-bottom: 70px !important;}&#8221; simple_background_color=&#8221;#ffffff&#8221;][vc_column]<div class=\"eltdf-section-title-holder  eltdf-st-has-watermark\" style=\"padding: 0 19%;text-align: center\">\n\t<div class=\"eltdf-st-inner\">\n\t\t\t\t\t<span class=\"eltdf-st-watermark\" >\n\t\t\t\tvis\u00e3o\t\t\t<\/span>\n\t\t\t\t\t\t\t<span class=\"eltdf-st-tagline\" >\n\t\t\t\tVis\u00e3o\t\t\t<\/span>\n\t\t\t\t\t\t\t<h2 class=\"eltdf-st-title\" >\n\t\t\t\tVis\u00e3o\t\t\t<\/h2>\n\t\t\t\t\t\t\t<span class=\"eltdf-st-text\" >\n\t\t\t\tSer uma entidade socialmente respons\u00e1vel, bem organizada e bem gerida, flex\u00edvel e voltada para o futuro, constitu\u00edda por uma equipa jovem e motivada, enquadrada num n\u00facleo duro de profissionais especialistas e com larga experi\u00eancia acumulada na \u00e1rea da forma\u00e7\u00e3o, reconhecida como uma refer\u00eancia na \u00e1rea do ensino e forma\u00e7\u00e3o em l\u00ednguas por ser provedora de solu\u00e7\u00f5es de constru\u00e7\u00e3o de conhecimento baseadas no rigor, na qualidade e em elevados n\u00edveis de inova\u00e7\u00e3o, com foco nas necessidades dos clientes e da sociedade.\t\t\t<\/span>\n\t\t\t<\/div>\n<\/div>[\/vc_column][\/vc_row][vc_row row_content_width=&#8221;grid&#8221; css=&#8221;.vc_custom_1525082349510{padding-top: 82px !important;padding-bottom: 112px !important;}&#8221; simple_background_color=&#8221;#ffffff&#8221;][vc_column]<div class=\"eltdf-section-title-holder  \" style=\"padding: 0 19%;text-align: center\">\n\t<div class=\"eltdf-st-inner\">\n\t\t\t\t\t\t\t\t\t<h2 class=\"eltdf-st-title\" >\n\t\t\t\tAcredita\u00e7\u00f5es\t\t\t<\/h2>\n\t\t\t\t\t<\/div>\n<\/div>[vc_empty_space height=&#8221;43px&#8221; css=&#8221;.vc_custom_1525082245483{padding-bottom: 20px !important;}&#8221;]<div class=\"eltdf-clients-carousel-holder eltdf-cc-hover-switch-images\">\n\t<div class=\"eltdf-cc-inner eltdf-owl-slider\" data-number-of-items=\"4\" data-enable-loop=\"yes\" data-enable-autoplay=\"yes\" data-slider-speed=\"5000\" data-slider-speed-animation=\"600\" data-enable-navigation=\"no\" data-enable-pagination=\"no\">\n\t\t<div class=\"eltdf-cc-item\">\n\t\t\t\t\t\t<img itemprop=\"image\" class=\"eltdf-cc-image\" src=\"https:\/\/escolainglesa.com\/wp-content\/uploads\/2018\/04\/Ministe\u0301rio-da-Educac\u0327a\u0303o.png\" alt=\"\" \/>\n\t\t\t\t\t<\/div><div class=\"eltdf-cc-item\">\n\t\t\t\t\t\t<img itemprop=\"image\" class=\"eltdf-cc-image\" src=\"https:\/\/escolainglesa.com\/wp-content\/uploads\/2018\/04\/DGERT-1.png\" alt=\"\" \/>\n\t\t\t\t\t<\/div><div class=\"eltdf-cc-item\">\n\t\t\t\t\t\t<img itemprop=\"image\" class=\"eltdf-cc-image\" src=\"https:\/\/escolainglesa.com\/wp-content\/uploads\/2018\/04\/logo3.jpg\" alt=\"\" \/>\n\t\t\t\t\t<\/div><div class=\"eltdf-cc-item\">\n\t\t\t\t\t\t<img itemprop=\"image\" class=\"eltdf-cc-image\" src=\"https:\/\/escolainglesa.com\/wp-content\/uploads\/2018\/04\/logo4.jpg\" alt=\"\" \/>\n\t\t\t\t\t<\/div><div class=\"eltdf-cc-item\">\n\t\t\t\t\t\t<img itemprop=\"image\" class=\"eltdf-cc-image\" src=\"https:\/\/escolainglesa.com\/wp-content\/uploads\/2018\/04\/logo5.jpg\" alt=\"\" \/>\n\t\t\t\t\t<\/div>\t<\/div>\n<\/div>[vc_empty_space height=&#8221;43px&#8221; css=&#8221;.vc_custom_1525082245483{padding-bottom: 20px !important;}&#8221;]<div class=\"eltdf-section-title-holder  \" style=\"padding: 0 19%;text-align: center\">\n\t<div class=\"eltdf-st-inner\">\n\t\t\t\t\t\t\t\t\t\t\t<span class=\"eltdf-st-text\" >\n\t\t\t\t\u2013 Certificada pela University of Cambridge para a prepara\u00e7\u00e3o de candidatos para os exames oficiais de l\u00edngua inglesa \t\t\t<\/span>\n\t\t\t<\/div>\n<\/div><div class=\"eltdf-section-title-holder  \" style=\"padding: 0 19%;text-align: center\">\n\t<div class=\"eltdf-st-inner\">\n\t\t\t\t\t\t\t\t\t\t\t<span class=\"eltdf-st-text\" >\n\t\t\t\t\u2013 ESOL (main suite exams e Young Learners)\t\t\t<\/span>\n\t\t\t<\/div>\n<\/div><div class=\"eltdf-section-title-holder  \" style=\"padding: 0 19%;text-align: center\">\n\t<div class=\"eltdf-st-inner\">\n\t\t\t\t\t\t\t\t\t\t\t<span class=\"eltdf-st-text\" >\n\t\t\t\t\u2013 A Escola Inglesa \u00e9 uma Ag\u00eancia Parceira da English UK. Este reconhecimento \u00e9 exclusivo a ag\u00eancias que tenham desenvolvido ao longo dos anos parcerias bem sucedidas com v\u00e1rios centros membros da English UK, estejam envolvidas com o trabalho desta organiza\u00e7\u00e3o e aderido aos princ\u00edpios do seu c\u00f3digo de conduta.\t\t\t<\/span>\n\t\t\t<\/div>\n<\/div><div class=\"eltdf-section-title-holder  \" style=\"padding: 0 19%;text-align: center\">\n\t<div class=\"eltdf-st-inner\">\n\t\t\t\t\t\t\t\t\t\t\t<span class=\"eltdf-st-text\" >\n\t\t\t\t\u2013 Ag\u00eancia reconhecida pelo ICEF \u2013 este reconhecimento \u00e9 exclusivo a ag\u00eancias de recrutamento que cumprem os requisitos exigidos por este organismo relativamente \u00e0 garantia de qualidade pelos servi\u00e7os prestados aos provedores de educa\u00e7\u00e3o.\t\t\t<\/span>\n\t\t\t<\/div>\n<\/div>[\/vc_column][\/vc_row][vc_row row_content_width=&#8221;grid&#8221; css=&#8221;.vc_custom_1525082435345{padding-top: 20px !important;padding-bottom: 112px !important;}&#8221; simple_background_color=&#8221;#ffffff&#8221;][vc_column]<div class=\"eltdf-section-title-holder  \" style=\"padding: 0 19%;text-align: center\">\n\t<div class=\"eltdf-st-inner\">\n\t\t\t\t\t\t\t\t\t<h2 class=\"eltdf-st-title\" >\n\t\t\t\tParcerias\t\t\t<\/h2>\n\t\t\t\t\t<\/div>\n<\/div>[vc_empty_space height=&#8221;33px&#8221;][vc_single_image image=&#8221;6860&#8243; img_size=&#8221;large&#8221; alignment=&#8221;center&#8221;][vc_empty_space height=&#8221;33px&#8221;][\/vc_column][\/vc_row][vc_row][vc_column][\/vc_column][\/vc_row]<\/p>\n","protected":false},"excerpt":{"rendered":"<p> [&hellip;]<\/p>\n","protected":false},"author":3,"featured_media":0,"parent":0,"menu_order":0,"comment_status":"closed","ping_status":"closed","template":"full-width.php","meta":[],"_links":{"self":[{"href":"https:\/\/escolainglesa.com\/index.php\/wp-json\/wp\/v2\/pages\/5827"}],"collection":[{"href":"https:\/\/escolainglesa.com\/index.php\/wp-json\/wp\/v2\/pages"}],"about":[{"href":"https:\/\/escolainglesa.com\/index.php\/wp-json\/wp\/v2\/types\/page"}],"author":[{"embeddable":true,"href":"https:\/\/escolainglesa.com\/index.php\/wp-json\/wp\/v2\/users\/3"}],"replies":[{"embeddable":true,"href":"https:\/\/escolainglesa.com\/index.php\/wp-json\/wp\/v2\/comments?post=5827"}],"version-history":[{"count":46,"href":"https:\/\/escolainglesa.com\/index.php\/wp-json\/wp\/v2\/pages\/5827\/revisions"}],"predecessor-version":[{"id":7312,"href":"https:\/\/escolainglesa.com\/index.php\/wp-json\/wp\/v2\/pages\/5827\/revisions\/7312"}],"wp:attachment":[{"href":"https:\/\/escolainglesa.com\/index.php\/wp-json\/wp\/v2\/media?parent=5827"}],"curies":[{"name":"wp","href":"https:\/\/api.w.org\/{rel}","templated":true}]}}